{"id":17,"date":"2023-12-29T14:19:42","date_gmt":"2023-12-29T14:19:42","guid":{"rendered":"https:\/\/studioluigiperri.it\/?page_id=17"},"modified":"2024-01-02T13:03:29","modified_gmt":"2024-01-02T13:03:29","slug":"curriculum-vitae","status":"publish","type":"page","link":"https:\/\/studioluigiperri.it\/?page_id=17","title":{"rendered":"Curriculum Vitae"},"content":{"rendered":"<div class=\"wp-block-image\">\n<figure class=\"alignright size-full is-resized\"><img loading=\"lazy\" decoding=\"async\" width=\"857\" height=\"892\" src=\"https:\/\/studioluigiperri.it\/wp-content\/uploads\/2024\/01\/Consulenza_CV_-_Analisi_curriculum_vitae_-_Revisione_CV_-_ottimizzazione_CV_-_Scrittura_CV_-_Consulenza_CV_Brescia_-_Revisione_Curriculum_Brescia-0.jpg\" alt=\"\" class=\"wp-image-110\" style=\"width:165px;height:auto\" srcset=\"https:\/\/studioluigiperri.it\/wp-content\/uploads\/2024\/01\/Consulenza_CV_-_Analisi_curriculum_vitae_-_Revisione_CV_-_ottimizzazione_CV_-_Scrittura_CV_-_Consulenza_CV_Brescia_-_Revisione_Curriculum_Brescia-0.jpg 857w, https:\/\/studioluigiperri.it\/wp-content\/uploads\/2024\/01\/Consulenza_CV_-_Analisi_curriculum_vitae_-_Revisione_CV_-_ottimizzazione_CV_-_Scrittura_CV_-_Consulenza_CV_Brescia_-_Revisione_Curriculum_Brescia-0-288x300.jpg 288w, https:\/\/studioluigiperri.it\/wp-content\/uploads\/2024\/01\/Consulenza_CV_-_Analisi_curriculum_vitae_-_Revisione_CV_-_ottimizzazione_CV_-_Scrittura_CV_-_Consulenza_CV_Brescia_-_Revisione_Curriculum_Brescia-0-768x799.jpg 768w\" sizes=\"auto, (max-width: 857px) 100vw, 857px\" \/><\/figure>\n<\/div>\n\n\n<p><strong>Dal gennaio 1984<\/strong><br>Libero professionista per conto di pubblici e privati.<br><\/p>\n\n\n\n<p><strong>Dal gennaio 1992 a maggio 1994<\/strong><br>Censimento per conto della SIP (Societ\u00e0 per l\u2019Esercizio Telefonico) delle propriet\u00e0 immobiliari con sue ubicazioni consistenza e controllo storico della provenienza oltre che gli atti autorizzativi derivanti da Enti delle Societ\u00e0 \u201cSIP, ITALCABLE, IRITEL, TELESPAZIO e SIRM incorporate e fuse nella nuova societ\u00e0 TELECOM ITALIA S.p.A..<br><br><strong>Dal gennaio 1990 a dicembre 1990<\/strong><br>Censimento per conto del Comune di BORGIA (CZ) della propriet\u00e0 immobiliare.<br><\/p>\n\n\n\n<p><strong>Dal gennaio 1990 al dicembre 1990<\/strong><br>Censimento per conto del Comune di STALETTI (CZ) della propriet\u00e0 immobiliare Comune di STALETTI (CZ).<br><br><strong>Dal gennaio 1987 al dicembre 1982<\/strong><br>Censimento utenti e apparati di misura con studio di percorso urbano del letturista contatori ENEL per conto di ENEL nei comuni di : DAVOLI, DECOLLATURA, SERRASTRETTA, SAN PIETRO APOSTOLO (CZ), ISOLA CAPO RIZZUTO, CUTRO (KR) e CURINGA, FILADELFIA (VV).<br><br><strong>Sin dal 12.10.1995<\/strong><\/p>\n\n\n\n<ul class=\"wp-block-list\">\n<li>Iscritto all\u2019Albo Regionale dei Collaudatori Tecnici\/Amm.vi al nr. 890.;<br><\/li>\n\n\n\n<li>ha eseguito incarichi professionali per conto della Regione Calabria Collaudo Tecnico\/Amministrativo per i lavori di consolidamento delle Rupe di Troppa (VV) per il 1\u00b0, 2\u00b0 e 3\u00b0 lotto;<br><\/li>\n\n\n\n<li>collaudo Tecnico\/Amministrativo per i lavori di costruzione della Strada Comunale Melitello-Bivio Orazia del comune di Sorbo San Basile;<br><\/li>\n<\/ul>\n\n\n\n<p><strong>Dal giugno 1985<\/strong><\/p>\n\n\n\n<ul class=\"wp-block-list\">\n<li>Albo dei Consulenti Tecnici del Tribunale di Catanzaro con il numero 720;<br><\/li>\n\n\n\n<li>ha eseguito per conto del tribunale con nomina di C.T.U. dal 1988 alla data odierna perizie tecniche che variavano dalla verifica di confini, tecnico estimative, valutazione e danni per infiltrazioni, Urbanistiche, divisioni ereditarie nonch\u00e9 valutazioni di beni soggetti a procedure fallimentari;<br><\/li>\n\n\n\n<li>consulente Tecnico di fiducia della Procura della Repubblica di Catanzaro;<br><\/li>\n\n\n\n<li>ha eseguito innumerevoli perizie per conto della Procura, per determinare valutazioni del tipo Urbanistico nonch\u00e9 per valutazione di beni espropriati da alcune amministrazioni e valutazioni dal punto topografico per esatte corrispondenze topografiche di edifici realizzati difformemente dai progetti approvati.<br><br><\/li>\n<\/ul>\n\n\n\n<p><strong>Nomina di Perito per Perizie Extragiudiziali<\/strong><\/p>\n\n\n\n<p>Ha eseguito innumerevoli perizie di valutazione extragiudiziali per privati cittadini, riguardano:<\/p>\n\n\n\n<ul class=\"wp-block-list\">\n<li>Divisioni ereditarie;<br><\/li>\n\n\n\n<li>valutazione di beni espropriati e suo reale valore nonch\u00e9 per danni subiti; Valutazione di danni subiti per coltivazioni minerarie nonch\u00e9 conoscenza del diritto minerario e conoscenza di tutta la normativa riguardante la ricerca e la coltivazione mineraria nell\u2019ambito delle stesse Concessioni;<br><\/li>\n\n\n\n<li>Valutazione con determina di rendita di innumerevoli fabbricati di futura costruzione;<br><\/li>\n\n\n\n<li>Sconfinamenti e determina del danno subito;<br><br><\/li>\n<\/ul>\n\n\n\n<p><br>Perito di fiducia della ex UNIVERSO Gest-fin di Bologna perizie di immobili e suo reale valore per il fine ottenimento di mutuo ipotecario.<br><br>Tecnico di fiducia di Agenzie Immobiliari per la determina del valore estimativo di beni immobili(appartamenti, ville, sia in costruzione che ultimate, fondi rustici ect.).<br><br>Nomina di Perito Demaniale per gli USI CIVICI per l\u2019area del Comune di CROPANI (CZ).<br><br>In corso di accertamento per relazione peritale di un\u2019area in agro di Cropani per la esecuzione di un Parco Eolico.<br><br>Dal giugno 1995 a Luglio 2005 Dipendente Vodafone N.V.<br><\/p>\n\n\n\n<p><strong>Fin dal giugno del 1995<\/strong><br><\/p>\n\n\n\n<ul class=\"wp-block-list\">\n<li>assunto dalla OMNITEL P.I. S.p.A., inquadrato con il 7\u00b0 Livello della Categoria dei Metalmeccanici, con incarico di \u201cSite Acquisitor e Construction Supervisor\u201d, acquisitore e realizzatore di S.R.B., per tutta l\u2019area CALABRIA-BASILICATA;<br><\/li>\n\n\n\n<li>ho lavorato in particolar modo nella regione Basilicata e nella zone pi\u00f9 a sud della Calabria (Reggio Calabria, Palmi, Gioia Tauro, Siderno, Locri). Nel 1997 proposto dal Direttore di Rete &nbsp;come figura idonea a ricoprire l\u2019incarico di RESPONSABILE AREA per l\u2019implementazione rete della REGIONE SICILIA;<br><\/li>\n\n\n\n<li>ultimamente svolgevo l\u2019attivit\u00e0 di acquisizione e realizzazione di Microcelle su tutta la Regione Calabria all\u2019attivo nell\u2019arco degli anni 2000 e 2001 ho realizzato circa 120 Microcelle;<br><\/li>\n\n\n\n<li>inoltre ho curato la realizzazione ed acquisizioni di S.R.B. su tutto il territorio regionale e &nbsp;&nbsp;in particolar modo nelle citt\u00e0 di REGGIO CALABRIA &nbsp;&nbsp;e CATANZARO.<br><\/li>\n\n\n\n<li>Inoltre ho curato il rapporto &nbsp;con &nbsp;la &nbsp;RAI &nbsp;WAY &nbsp;Regione &nbsp;Calabria &nbsp;per &nbsp;l\u2019acuisizione &nbsp;e &nbsp;la &nbsp;realizzazione delle &nbsp;S.R.B., &nbsp;\u00e8 &nbsp;da evidenziare che con i rapporti di fiducia &nbsp;creati con i dipendenti della sopra citata azienda il sottoscritto ha dato la possibilit\u00e0 alla VODAFONE di poter trasformare le S.R.B. del tipo \u201cOMNIDIREZIONALI\u201d in \u201cSETTORIALI\u201d (all\u2019attivo solo nell\u2019anno 2001 n.ro 12 S.R.B.);<\/li>\n<\/ul>\n\n\n\n<p>Principali mansioni e responsabilit\u00e0<\/p>\n\n\n\n<ul class=\"wp-block-list\">\n<li>Progettazione per piccoli edifici uso civili ed industriali;<br><\/li>\n\n\n\n<li>Progettazioni stradali;<br><\/li>\n\n\n\n<li>Progettazione per la coltivazione mineraria di Feldspato e Caolino;<br><\/li>\n\n\n\n<li>Progettazione per l\u2019estrazione di Inerti in cave;<br><\/li>\n\n\n\n<li>Progettazione di Opere Pubbliche di modesta entit\u00e0;<br><\/li>\n\n\n\n<li>Progettazione di S.R.B. per conto VODAFONE, WIND e TIM;<br><\/li>\n\n\n\n<li>Impianti di Cavo a Fibra Ottica, sia aereo che interrato;<br><\/li>\n\n\n\n<li>Rilievi Topografici (rilievi plano-altimetrici di piccole e grosse estensioni, livellazioni di precisione, frazionamenti, accatastamenti, ect.):<br><\/li>\n\n\n\n<li>Tracciatura ed orientamento topografico delle fondazioni di Stazioni Radio Base e Ripetitori Passivi;<br><\/li>\n\n\n\n<li>Puntamento Radio-Topografico di Stazioni Radio Base e Ripetitori Passivi;<br><\/li>\n\n\n\n<li>Ricerca Suoli, mediazione di acquisizione, progettazione, per conto TELECOM Italia S.p.A., TELECOM ITALIA MOBILE, VODAFONE OMNITEL N.V. e WIND;<br><\/li>\n\n\n\n<li>Censimento e riordino patrimonio immobiliare per conto TELECOM ITALIA S.p.a.; Comuni di Borgia e Palermiti (CZ);<br><\/li>\n\n\n\n<li>Consulenza ed assistenza ad imprese;<br><\/li>\n\n\n\n<li>Abilitazione allo svolgimento dei compiti di coordinatore per la progettazione e coordinatore per l\u2019esecuzione dei lavori Decreto Legge 626\/94 e 241-242\/96 e 494\/96 e D.Lgs 81\/2008;<br><\/li>\n\n\n\n<li>Iscritto all\u2019Albo Regionale dei Collaudatori Tecnici\/Amm.vi al nr. 890 sin dal 12\/10\/95;<br><\/li>\n\n\n\n<li>Iscritto all\u2019Albo Regionale dei Periti Demaniali (Usi Civici) comune assegnato CROPANI;<br><\/li>\n\n\n\n<li>Iscritto all\u2019Elenco Nazionale dei Periti dei Fondi Comuni di Investimento Immobiliare Chiusi;<br><\/li>\n\n\n\n<li>Iscritto dal 19\/11\/1988 all\u2019Albo dei Consulenti Tecnici del Tribunale di Catanzaro con il numero 720;<br><\/li>\n\n\n\n<li>Consulente Tecnico di fiducia della Procura della Repubblica di Catanzaro;<br><\/li>\n\n\n\n<li>Incarico professionale del Comune di Palermiti (CZ) per lo svolgimento di attivit\u00e0 istruttoria pratiche di Condono Edilizio anni 1985-1986-1987-1994;<br><\/li>\n\n\n\n<li>Amministrazioni Immobiliari e Condominiali;<br><\/li>\n\n\n\n<li>Lo studio esegue per conto terzi in particolar modo per numerosi studi tecnici, studi legali e notarili di tutto il territorio nazionale, presso tutti gli uffici amministrativi visure di tutti i tipi nonch\u00e9 il reperimento di atti notarili (Archivio Notarile, Conservatoria dei Registri Immobiliari, &nbsp;&nbsp;Agenzia del Territorio (ex Catasto);<br><\/li>\n<\/ul>\n\n\n\n<p><br><strong>Corsi di aggiornamento professionali<\/strong><br><\/p>\n\n\n\n<ul class=\"wp-block-list\">\n<li>Corso e aggiornamento periodico-ultimo in 01-06-2013-all\u2019abilitazione allo svolgimento dei compiti di coordinatore per la progettazione e coordinatore per l\u2019esecuzione dei lavori Decreto Legge 626\/94 e 241-242\/96 e 494\/96 e D.Lgs 81\/2008;<br><br><\/li>\n\n\n\n<li>Corso formativo di Problem Solving presso sede Area 4 di Vodafone Omintel N.V. Corso formativo di Marketing;<br><br><\/li>\n\n\n\n<li>Corso formativo Leadership;<br><br><\/li>\n\n\n\n<li>Corso formativo di Public Relations Corso formativo di Tecnica di Vendita Corso di Art &amp; Designer;<br><br><\/li>\n\n\n\n<li>Corso di Servizio di Prevenzione e Protezione sul Pronto Soccorso;<br><br><\/li>\n\n\n\n<li>Attestato di Idoneit\u00e0 tecnica per l\u2019espletamento dell\u2019incarico di addetto antincendio rilasciato dal Comando Provinciale Vigili del Fuoco di Napoli \u2013Ministero dell\u2019Interno;<br><br><\/li>\n\n\n\n<li>Attestato di idoneit\u00e0 tecnica alla certificazione;<br><br><\/li>\n\n\n\n<li>Dal 2009 abilitato al rilascio delle certificazioni Prevenzione Incendi di cui alla Legge 818\/94 elenco Ministero Interni n\u00b0 CZ02309G00133;<br><br><\/li>\n<\/ul>\n\n\n\n<p><br><strong>Anno 2010:<\/strong><br><br><\/p>\n\n\n\n<ul class=\"wp-block-list\">\n<li>corso di formazione in termografia;<br><br><\/li>\n<\/ul>\n\n\n\n<p><br><strong>Anno 2011:<\/strong><br><br><\/p>\n\n\n\n<ul class=\"wp-block-list\">\n<li>Attestato di idoneit\u00e0 tecnica per l\u2019eliminazione di umidit\u00e0 di risalita capillare negli edifici storico-artistici: indagini diagnostiche,influenza sul microclima, deumificazione e controllo dell\u2019umidit\u00e0 Corso presso l\u2019Ordine degli Ingegneri della Provincia di Catanzaro per la Certificazione Energetica degli Edifici;<br><br><\/li>\n<\/ul>\n\n\n\n<p><br><strong>Anno 2013<\/strong><br><br><\/p>\n\n\n\n<ul class=\"wp-block-list\">\n<li>Corso di Aggiornamento Professionale per la Redazione della Relazione Paesaggistica e dei relativi allegati;<br><br><\/li>\n\n\n\n<li>Corso di Formazione per la Gestione Tecnica dell\u2019Emergenza Sismica \u2013 Rilievo del Danno e Valutazione dell\u2019Agibilit\u00e0 \u2013 presso sede Regionale della Protezione Civile;<br><br><\/li>\n\n\n\n<li>Corso di Aggiornamento presso il Collegio dei Geometri e Geometri Laureati di Vibo Valentia per la Certificazione e Risparmio Energetico egli Edifici.<\/li>\n<\/ul>\n\n\n\n<p><strong>Tra l\u2019anno 2001 e 2002-2003-2004 e 2005<\/strong><br><br><\/p>\n\n\n\n<ul class=\"wp-block-list\">\n<li>ha avuto in carico n.ro 130 &nbsp;S.R.B. acquisite ed realizzate.<br><br><\/li>\n\n\n\n<li>Nell\u2019ambito della mia attivit\u00e0 gestivo inoltre i rapporti con Amministrazioni Comunali, Provinciali nonch\u00e9 con tutti gli organi preposti per il rilascio di autorizzazioni e permessi delle cinque province calabresi (Genio Civile, ASL con relativi PMP, Sovrintendenza ai Beni Ambientali e Culturali, Sovrintendenza ai Beni Archeologici);<\/li>\n<\/ul>\n\n\n\n<p><strong>Dal gennaio 1996 ad Giugno 2010<\/strong><\/p>\n\n\n\n<p>cura i rapporti con gli enti al fine di rilascio pareri autorizzazioni e nulla-osta alla coltivazione mineraria oltre alla progettazione ed alla responsabilit\u00e0 nella sicurezza nei posti di lavoro per conto Gruppo Fimed S.p.A. &#8211; MILANO<br><br><strong>Dal gennaio 1998 ad oggi<\/strong><br>Istruttore tecnico pratiche condono Edilizio Comune di PALERMITI (CZ);<br><br><strong>Dall\u2019anno 1984 ad oggi<\/strong><br>esercita l\u2019attivit\u00e0 di Amministratore Condominiale nell\u2019ambito della Provincia di Catanzaro;<br><br><strong>Dal gennaio 2008 ad oggi<\/strong><\/p>\n\n\n\n<ul class=\"wp-block-list\">\n<li>acquisitore e Tecnico Progettista per conto SELEX S.p.a (Gruppo Finmeccanica);<br><\/li>\n\n\n\n<li>per la REGIONE CALABRIA progetto PON SICUREZZA CALABRIA;<br><\/li>\n\n\n\n<li>Progetto \u201cTETRA\u201d Sistema di Telecomunicazione per le Forze Armate;<br><\/li>\n<\/ul>\n\n\n\n<p><strong>Dal gennaio 2010 ad oggi<\/strong><br>Responsabile della THALES ITALIA S.p.A. per la REGIONE CALABRIA progetto PON SICUREZZA CALABRIA;<br><br><strong>Dal Gennaio 2008<\/strong><\/p>\n\n\n\n<ul class=\"wp-block-list\">\n<li>coammistratore della Societ\u00e0 di Ingegneria CARPER S.r.l. con sede in Catanzaro alla Va Milano, 39;<br><\/li>\n\n\n\n<li>valutazione Impatto Ambientale di numerosi Parchi Eolici di Miniere a cielo aperto ed in particolare della discarica intercomunale di ALLI &#8211; Catanzaro<\/li>\n<\/ul>\n\n\n\n<p><strong><br>Dal Novembre 2013 ad oggi<\/strong><br>Responsabile \u00e8 stato nominato Presidente della Commissione Disciplina del Collegio dei Geometri e Geometri Laureati della Provincia di Catanzaro dal Presidente del Tribunale di Catanzaro;<br><\/p>\n\n\n\n<p><strong>Dal gennaio 2007&nbsp;ad oggi<\/strong><br>Acquisitore e Tecnico Progettista per conto SIS Srl, oggi SISEM srl con sede Rende (CS) e per conto TELCO srl di Napoli per la REGIONE CALABRIA per Societ\u00e0 di Telefonia TIM Spa, Vodafone NV, WIND Spa, H3G, SIRTI Spa, Siemes, SIELTE \u201d Sistema di Telecomunicazione Cellulare;<br><br>Iscritto &nbsp;&nbsp;al &nbsp;&nbsp;&nbsp;&nbsp;3\u00b0 &nbsp;&nbsp;Anno &nbsp;&nbsp;&nbsp;Accademico &nbsp;&nbsp;Facolt\u00e0 &nbsp;&nbsp;&nbsp;\u201cSCIENZE &nbsp;&nbsp;&nbsp;&nbsp;GEO &nbsp;\u2013 TOPO &#8211; CARTOGRAFICHE, ESTIMATIVE, TERRITORIALI ED EDILIZIE\u201d presso l\u2019Universit\u00e0 Telematica Guglielmo Marconi di ROMA<br><br>Ha dimostrato come capacit\u00e0 competenze relazionali di saper vivere e lavorare con altre persone, in ambienti multiculturali, occupando posti in cui la comunicazione \u00e8 importante e in situazioni in cui \u00e8 essenziale lavorare in squadra (ad es. cultura e sport), ecc.;<br>capacit\u00e0 e competenze organizzative ad es. coordinamento e amministrazione di persone, progetti, bilanci; sul posto di lavoro, in attivit\u00e0 di volontariato (ad es. cultura e sport), a casa, ecc.;<br>capacit\u00e0 e competenze tecniche con computer, attrezzature specifiche, macchinari, ecc. capacit\u00e0 e competenze artistiche musica, scrittura, disegno ecc..<br><br>Collabora con numerosi studi professionali portando a conoscenza del proprio know how a colleghi ed interagisce in modo professionale nel lavoro di gruppo;collabora con associazioni culturali a sfondo sociale.<br><br>Nel lavoro di rappresentanza con i vari enti con cui si interfaccia per l\u2019ottenimento di permessi e nulla osta in genere propone diverse soluzioni e dimostra la propria capacit\u00e0 relazionale garantendo con professionalit\u00e0 gli obbiettivi proposti in autorizzazione.<br><br>Conosce l\u2019utilizzo del computer sin dal 1985 con piccoli pc ed allestendo personalmente piccoli programmi di calcolo conosce tutti i programmi attinenti il mondo windows (word, excel, outlook ect.) nonch\u00e9 programmi di grafica in particolare Autocad sin dal 1986 e programmi attinenti il campo amministrativo;<\/p>\n","protected":false},"excerpt":{"rendered":"<p>Dal gennaio 1984Libero professionista per conto di pubblici e privati. Dal gennaio 1992 a maggio 1994Censimento per conto della SIP (Societ\u00e0 [&hellip;]<\/p>\n","protected":false},"author":1,"featured_media":0,"parent":0,"menu_order":0,"comment_status":"closed","ping_status":"closed","template":"","meta":{"footnotes":""},"class_list":["post-17","page","type-page","status-publish","hentry"],"yoast_head":"<!-- This site is optimized with the Yoast SEO plugin v27.3 - https:\/\/yoast.com\/product\/yoast-seo-wordpress\/ -->\n<title>Curriculum Vitae - Studio Geom. Luigi Perri<\/title>\n<meta name=\"robots\" content=\"index, follow, max-snippet:-1, max-image-preview:large, max-video-preview:-1\" \/>\n<link rel=\"canonical\" href=\"https:\/\/studioluigiperri.it\/?page_id=17\" \/>\n<meta property=\"og:locale\" content=\"it_IT\" \/>\n<meta property=\"og:type\" content=\"article\" \/>\n<meta property=\"og:title\" content=\"Curriculum Vitae - Studio Geom. Luigi Perri\" \/>\n<meta property=\"og:description\" content=\"Dal gennaio 1984Libero professionista per conto di pubblici e privati. Dal gennaio 1992 a maggio 1994Censimento per conto della SIP (Societ\u00e0 [&hellip;]\" \/>\n<meta property=\"og:url\" content=\"https:\/\/studioluigiperri.it\/?page_id=17\" \/>\n<meta property=\"og:site_name\" content=\"Studio Geom. Luigi Perri\" \/>\n<meta property=\"article:modified_time\" content=\"2024-01-02T13:03:29+00:00\" \/>\n<meta property=\"og:image\" content=\"https:\/\/studioluigiperri.it\/wp-content\/uploads\/2024\/01\/Consulenza_CV_-_Analisi_curriculum_vitae_-_Revisione_CV_-_ottimizzazione_CV_-_Scrittura_CV_-_Consulenza_CV_Brescia_-_Revisione_Curriculum_Brescia-0.jpg\" \/>\n<meta name=\"twitter:card\" content=\"summary_large_image\" \/>\n<meta name=\"twitter:label1\" content=\"Tempo di lettura stimato\" \/>\n\t<meta name=\"twitter:data1\" content=\"10 minuti\" \/>\n<script type=\"application\/ld+json\" class=\"yoast-schema-graph\">{\"@context\":\"https:\\\/\\\/schema.org\",\"@graph\":[{\"@type\":\"WebPage\",\"@id\":\"https:\\\/\\\/studioluigiperri.it\\\/?page_id=17\",\"url\":\"https:\\\/\\\/studioluigiperri.it\\\/?page_id=17\",\"name\":\"Curriculum Vitae - Studio Geom. Luigi Perri\",\"isPartOf\":{\"@id\":\"https:\\\/\\\/studioluigiperri.it\\\/#website\"},\"primaryImageOfPage\":{\"@id\":\"https:\\\/\\\/studioluigiperri.it\\\/?page_id=17#primaryimage\"},\"image\":{\"@id\":\"https:\\\/\\\/studioluigiperri.it\\\/?page_id=17#primaryimage\"},\"thumbnailUrl\":\"https:\\\/\\\/studioluigiperri.it\\\/wp-content\\\/uploads\\\/2024\\\/01\\\/Consulenza_CV_-_Analisi_curriculum_vitae_-_Revisione_CV_-_ottimizzazione_CV_-_Scrittura_CV_-_Consulenza_CV_Brescia_-_Revisione_Curriculum_Brescia-0.jpg\",\"datePublished\":\"2023-12-29T14:19:42+00:00\",\"dateModified\":\"2024-01-02T13:03:29+00:00\",\"breadcrumb\":{\"@id\":\"https:\\\/\\\/studioluigiperri.it\\\/?page_id=17#breadcrumb\"},\"inLanguage\":\"it-IT\",\"potentialAction\":[{\"@type\":\"ReadAction\",\"target\":[\"https:\\\/\\\/studioluigiperri.it\\\/?page_id=17\"]}]},{\"@type\":\"ImageObject\",\"inLanguage\":\"it-IT\",\"@id\":\"https:\\\/\\\/studioluigiperri.it\\\/?page_id=17#primaryimage\",\"url\":\"https:\\\/\\\/studioluigiperri.it\\\/wp-content\\\/uploads\\\/2024\\\/01\\\/Consulenza_CV_-_Analisi_curriculum_vitae_-_Revisione_CV_-_ottimizzazione_CV_-_Scrittura_CV_-_Consulenza_CV_Brescia_-_Revisione_Curriculum_Brescia-0.jpg\",\"contentUrl\":\"https:\\\/\\\/studioluigiperri.it\\\/wp-content\\\/uploads\\\/2024\\\/01\\\/Consulenza_CV_-_Analisi_curriculum_vitae_-_Revisione_CV_-_ottimizzazione_CV_-_Scrittura_CV_-_Consulenza_CV_Brescia_-_Revisione_Curriculum_Brescia-0.jpg\",\"width\":857,\"height\":892},{\"@type\":\"BreadcrumbList\",\"@id\":\"https:\\\/\\\/studioluigiperri.it\\\/?page_id=17#breadcrumb\",\"itemListElement\":[{\"@type\":\"ListItem\",\"position\":1,\"name\":\"Home\",\"item\":\"https:\\\/\\\/studioluigiperri.it\\\/\"},{\"@type\":\"ListItem\",\"position\":2,\"name\":\"Curriculum Vitae\"}]},{\"@type\":\"WebSite\",\"@id\":\"https:\\\/\\\/studioluigiperri.it\\\/#website\",\"url\":\"https:\\\/\\\/studioluigiperri.it\\\/\",\"name\":\"Studio Geom. Luigi Perri\",\"description\":\"\",\"potentialAction\":[{\"@type\":\"SearchAction\",\"target\":{\"@type\":\"EntryPoint\",\"urlTemplate\":\"https:\\\/\\\/studioluigiperri.it\\\/?s={search_term_string}\"},\"query-input\":{\"@type\":\"PropertyValueSpecification\",\"valueRequired\":true,\"valueName\":\"search_term_string\"}}],\"inLanguage\":\"it-IT\"}]}<\/script>\n<!-- \/ Yoast SEO plugin. -->","yoast_head_json":{"title":"Curriculum Vitae - Studio Geom. Luigi Perri","robots":{"index":"index","follow":"follow","max-snippet":"max-snippet:-1","max-image-preview":"max-image-preview:large","max-video-preview":"max-video-preview:-1"},"canonical":"https:\/\/studioluigiperri.it\/?page_id=17","og_locale":"it_IT","og_type":"article","og_title":"Curriculum Vitae - Studio Geom. Luigi Perri","og_description":"Dal gennaio 1984Libero professionista per conto di pubblici e privati. Dal gennaio 1992 a maggio 1994Censimento per conto della SIP (Societ\u00e0 [&hellip;]","og_url":"https:\/\/studioluigiperri.it\/?page_id=17","og_site_name":"Studio Geom. Luigi Perri","article_modified_time":"2024-01-02T13:03:29+00:00","og_image":[{"url":"https:\/\/studioluigiperri.it\/wp-content\/uploads\/2024\/01\/Consulenza_CV_-_Analisi_curriculum_vitae_-_Revisione_CV_-_ottimizzazione_CV_-_Scrittura_CV_-_Consulenza_CV_Brescia_-_Revisione_Curriculum_Brescia-0.jpg","type":"","width":"","height":""}],"twitter_card":"summary_large_image","twitter_misc":{"Tempo di lettura stimato":"10 minuti"},"schema":{"@context":"https:\/\/schema.org","@graph":[{"@type":"WebPage","@id":"https:\/\/studioluigiperri.it\/?page_id=17","url":"https:\/\/studioluigiperri.it\/?page_id=17","name":"Curriculum Vitae - Studio Geom. Luigi Perri","isPartOf":{"@id":"https:\/\/studioluigiperri.it\/#website"},"primaryImageOfPage":{"@id":"https:\/\/studioluigiperri.it\/?page_id=17#primaryimage"},"image":{"@id":"https:\/\/studioluigiperri.it\/?page_id=17#primaryimage"},"thumbnailUrl":"https:\/\/studioluigiperri.it\/wp-content\/uploads\/2024\/01\/Consulenza_CV_-_Analisi_curriculum_vitae_-_Revisione_CV_-_ottimizzazione_CV_-_Scrittura_CV_-_Consulenza_CV_Brescia_-_Revisione_Curriculum_Brescia-0.jpg","datePublished":"2023-12-29T14:19:42+00:00","dateModified":"2024-01-02T13:03:29+00:00","breadcrumb":{"@id":"https:\/\/studioluigiperri.it\/?page_id=17#breadcrumb"},"inLanguage":"it-IT","potentialAction":[{"@type":"ReadAction","target":["https:\/\/studioluigiperri.it\/?page_id=17"]}]},{"@type":"ImageObject","inLanguage":"it-IT","@id":"https:\/\/studioluigiperri.it\/?page_id=17#primaryimage","url":"https:\/\/studioluigiperri.it\/wp-content\/uploads\/2024\/01\/Consulenza_CV_-_Analisi_curriculum_vitae_-_Revisione_CV_-_ottimizzazione_CV_-_Scrittura_CV_-_Consulenza_CV_Brescia_-_Revisione_Curriculum_Brescia-0.jpg","contentUrl":"https:\/\/studioluigiperri.it\/wp-content\/uploads\/2024\/01\/Consulenza_CV_-_Analisi_curriculum_vitae_-_Revisione_CV_-_ottimizzazione_CV_-_Scrittura_CV_-_Consulenza_CV_Brescia_-_Revisione_Curriculum_Brescia-0.jpg","width":857,"height":892},{"@type":"BreadcrumbList","@id":"https:\/\/studioluigiperri.it\/?page_id=17#breadcrumb","itemListElement":[{"@type":"ListItem","position":1,"name":"Home","item":"https:\/\/studioluigiperri.it\/"},{"@type":"ListItem","position":2,"name":"Curriculum Vitae"}]},{"@type":"WebSite","@id":"https:\/\/studioluigiperri.it\/#website","url":"https:\/\/studioluigiperri.it\/","name":"Studio Geom. Luigi Perri","description":"","potentialAction":[{"@type":"SearchAction","target":{"@type":"EntryPoint","urlTemplate":"https:\/\/studioluigiperri.it\/?s={search_term_string}"},"query-input":{"@type":"PropertyValueSpecification","valueRequired":true,"valueName":"search_term_string"}}],"inLanguage":"it-IT"}]}},"_links":{"self":[{"href":"https:\/\/studioluigiperri.it\/index.php?rest_route=\/wp\/v2\/pages\/17","targetHints":{"allow":["GET"]}}],"collection":[{"href":"https:\/\/studioluigiperri.it\/index.php?rest_route=\/wp\/v2\/pages"}],"about":[{"href":"https:\/\/studioluigiperri.it\/index.php?rest_route=\/wp\/v2\/types\/page"}],"author":[{"embeddable":true,"href":"https:\/\/studioluigiperri.it\/index.php?rest_route=\/wp\/v2\/users\/1"}],"replies":[{"embeddable":true,"href":"https:\/\/studioluigiperri.it\/index.php?rest_route=%2Fwp%2Fv2%2Fcomments&post=17"}],"version-history":[{"count":4,"href":"https:\/\/studioluigiperri.it\/index.php?rest_route=\/wp\/v2\/pages\/17\/revisions"}],"predecessor-version":[{"id":111,"href":"https:\/\/studioluigiperri.it\/index.php?rest_route=\/wp\/v2\/pages\/17\/revisions\/111"}],"wp:attachment":[{"href":"https:\/\/studioluigiperri.it\/index.php?rest_route=%2Fwp%2Fv2%2Fmedia&parent=17"}],"curies":[{"name":"wp","href":"https:\/\/api.w.org\/{rel}","templated":true}]}}